{"id":3356,"date":"2023-12-20T10:20:30","date_gmt":"2023-12-20T16:20:30","guid":{"rendered":"https:\/\/deluxcalzado.com\/?post_type=product&#038;p=3356"},"modified":"2025-08-19T17:17:01","modified_gmt":"2025-08-19T23:17:01","slug":"bolso-ada-rojo","status":"publish","type":"product","link":"https:\/\/deluxcalzado.com\/?product=bolso-ada-rojo","title":{"rendered":"Bolso ADA rojo"},"content":{"rendered":"<p>El bolso Ada es un dise\u00f1o exclusivo y hermoso que realzar\u00e1 todos tus outfits. Lleva una correa con hombrera y cadena dorada, para darle un estilo m\u00e1s elegante y sutil. En el interior lleva un bolsillo tipo sobre y otro en el exterior en la parte trasera. Tambi\u00e9n, lleva un pa\u00f1uelo decorativo que le da un toque chic.<\/p>\n<p>Materiales:<\/p>\n<p>Exterior: recubierto de PVC textil<\/p>\n<p>Interior: poli\u00e9ster<\/p>\n<p>Dimensiones:<\/p>\n<p>Alto\u00a0 17 cm<\/p>\n<p>Base 8 cm<\/p>\n<p>Ancho 25 cm<\/p>\n","protected":false},"excerpt":{"rendered":"<p>El bolso Ada es un dise\u00f1o exclusivo y hermoso que realzar\u00e1 todos tus outfits. Lleva una correa con hombrera y cadena dorada, para darle un estilo m\u00e1s elegante y sutil. En el interior lleva un bolsillo tipo sobre y otro en el exterior en la parte trasera. Tambi\u00e9n, lleva un pa\u00f1uelo decorativo que le da [&hellip;]<\/p>\n","protected":false},"featured_media":3357,"template":"","meta":{"site-sidebar-layout":"default","site-content-layout":"","ast-site-content-layout":"default","site-content-style":"default","site-sidebar-style":"default","ast-global-header-display":"","ast-banner-title-visibility":"","ast-main-header-display":"","ast-hfb-above-header-display":"","ast-hfb-below-header-display":"","ast-hfb-mobile-header-display":"","site-post-title":"","ast-breadcrumbs-content":"","ast-featured-img":"","footer-sml-layout":"","ast-disable-related-posts":"","theme-transparent-header-meta":"default","adv-header-id-meta":"","stick-header-meta":"","header-above-stick-meta":"","header-main-stick-meta":"","header-below-stick-meta":"","astra-migrate-meta-layouts":"set","ast-page-background-enabled":"default","ast-page-background-meta":{"desktop":{"background-color":"var(--ast-global-color-4)","background-image":"","background-repeat":"repeat","background-position":"center center","background-size":"auto","background-attachment":"scroll","background-type":"","background-media":"","overlay-type":"","overlay-color":"","overlay-opacity":"","overlay-gradient":""},"tablet":{"background-color":"","background-image":"","background-repeat":"repeat","background-position":"center center","background-size":"auto","background-attachment":"scroll","background-type":"","background-media":"","overlay-type":"","overlay-color":"","overlay-opacity":"","overlay-gradient":""},"mobile":{"background-color":"","background-image":"","background-repeat":"repeat","background-position":"center center","background-size":"auto","background-attachment":"scroll","background-type":"","background-media":"","overlay-type":"","overlay-color":"","overlay-opacity":"","overlay-gradient":""}},"ast-content-background-meta":{"desktop":{"background-color":"var(--ast-global-color-5)","background-image":"","background-repeat":"repeat","background-position":"center center","background-size":"auto","background-attachment":"scroll","background-type":"","background-media":"","overlay-type":"","overlay-color":"","overlay-opacity":"","overlay-gradient":""},"tablet":{"background-color":"var(--ast-global-color-5)","background-image":"","background-repeat":"repeat","background-position":"center center","background-size":"auto","background-attachment":"scroll","background-type":"","background-media":"","overlay-type":"","overlay-color":"","overlay-opacity":"","overlay-gradient":""},"mobile":{"background-color":"var(--ast-global-color-5)","background-image":"","background-repeat":"repeat","background-position":"center center","background-size":"auto","background-attachment":"scroll","background-type":"","background-media":"","overlay-type":"","overlay-color":"","overlay-opacity":"","overlay-gradient":""}},"_joinchat":[]},"product_brand":[],"product_cat":[36,43,49],"product_tag":[],"class_list":{"0":"post-3356","1":"product","2":"type-product","3":"status-publish","4":"has-post-thumbnail","6":"product_cat-bolsos-y-accesorios","7":"product_cat-bolsos-y-carteras","8":"product_cat-luque","9":"desktop-align-left","10":"tablet-align-left","11":"mobile-align-left","13":"first","14":"outofstock","15":"taxable","16":"shipping-taxable","17":"purchasable","18":"product-type-simple"},"yoast_head":"<!-- This site is optimized with the Yoast SEO plugin v27.4 - https:\/\/yoast.com\/product\/yoast-seo-wordpress\/ -->\n<title>Bolso ADA rojo &#8211; Delux Calzado y Accesorios<\/title>\n<meta name=\"description\" content=\"Bolso ADA rojo\" \/>\n<meta name=\"robots\" content=\"index, follow, max-snippet:-1, max-image-preview:large, max-video-preview:-1\" \/>\n<link rel=\"canonical\" href=\"https:\/\/deluxcalzado.com\/?product=bolso-ada-rojo\" \/>\n<meta property=\"og:locale\" content=\"es_ES\" \/>\n<meta property=\"og:type\" content=\"article\" \/>\n<meta property=\"og:title\" content=\"Bolso ADA rojo &#8211; Delux Calzado y Accesorios\" \/>\n<meta property=\"og:description\" content=\"Bolso ADA rojo\" \/>\n<meta property=\"og:url\" content=\"https:\/\/deluxcalzado.com\/?product=bolso-ada-rojo\" \/>\n<meta property=\"og:site_name\" content=\"Delux Calzado y Accesorios\" \/>\n<meta property=\"article:publisher\" content=\"https:\/\/www.facebook.com\/DeLux-Calzado-y-Accesorios-103197355867015\" \/>\n<meta property=\"article:modified_time\" content=\"2025-08-19T23:17:01+00:00\" \/>\n<meta property=\"og:image\" content=\"https:\/\/deluxcalzado.com\/wp-content\/uploads\/2023\/12\/bolso-Ada-rojo.jpg\" \/>\n\t<meta property=\"og:image:width\" content=\"1080\" \/>\n\t<meta property=\"og:image:height\" content=\"1080\" \/>\n\t<meta property=\"og:image:type\" content=\"image\/jpeg\" \/>\n<meta name=\"twitter:card\" content=\"summary_large_image\" \/>\n<meta name=\"twitter:label1\" content=\"Tiempo de lectura\" \/>\n\t<meta name=\"twitter:data1\" content=\"1 minuto\" \/>\n<script type=\"application\/ld+json\" class=\"yoast-schema-graph\">{\"@context\":\"https:\\\/\\\/schema.org\",\"@graph\":[{\"@type\":\"WebPage\",\"@id\":\"https:\\\/\\\/deluxcalzado.com\\\/?product=bolso-ada-rojo\",\"url\":\"https:\\\/\\\/deluxcalzado.com\\\/?product=bolso-ada-rojo\",\"name\":\"Bolso ADA rojo &#8211; Delux Calzado y Accesorios\",\"isPartOf\":{\"@id\":\"https:\\\/\\\/deluxcalzado.com\\\/#website\"},\"primaryImageOfPage\":{\"@id\":\"https:\\\/\\\/deluxcalzado.com\\\/?product=bolso-ada-rojo#primaryimage\"},\"image\":{\"@id\":\"https:\\\/\\\/deluxcalzado.com\\\/?product=bolso-ada-rojo#primaryimage\"},\"thumbnailUrl\":\"https:\\\/\\\/deluxcalzado.com\\\/wp-content\\\/uploads\\\/2023\\\/12\\\/bolso-Ada-rojo.jpg\",\"datePublished\":\"2023-12-20T16:20:30+00:00\",\"dateModified\":\"2025-08-19T23:17:01+00:00\",\"description\":\"Bolso ADA rojo\",\"breadcrumb\":{\"@id\":\"https:\\\/\\\/deluxcalzado.com\\\/?product=bolso-ada-rojo#breadcrumb\"},\"inLanguage\":\"es\",\"potentialAction\":[{\"@type\":\"ReadAction\",\"target\":[\"https:\\\/\\\/deluxcalzado.com\\\/?product=bolso-ada-rojo\"]}]},{\"@type\":\"ImageObject\",\"inLanguage\":\"es\",\"@id\":\"https:\\\/\\\/deluxcalzado.com\\\/?product=bolso-ada-rojo#primaryimage\",\"url\":\"https:\\\/\\\/deluxcalzado.com\\\/wp-content\\\/uploads\\\/2023\\\/12\\\/bolso-Ada-rojo.jpg\",\"contentUrl\":\"https:\\\/\\\/deluxcalzado.com\\\/wp-content\\\/uploads\\\/2023\\\/12\\\/bolso-Ada-rojo.jpg\",\"width\":1080,\"height\":1080},{\"@type\":\"BreadcrumbList\",\"@id\":\"https:\\\/\\\/deluxcalzado.com\\\/?product=bolso-ada-rojo#breadcrumb\",\"itemListElement\":[{\"@type\":\"ListItem\",\"position\":1,\"name\":\"Portada\",\"item\":\"https:\\\/\\\/deluxcalzado.com\\\/\"},{\"@type\":\"ListItem\",\"position\":2,\"name\":\"Productos\",\"item\":\"https:\\\/\\\/deluxcalzado.com\\\/?post_type=product\"},{\"@type\":\"ListItem\",\"position\":3,\"name\":\"Bolso ADA rojo\"}]},{\"@type\":\"WebSite\",\"@id\":\"https:\\\/\\\/deluxcalzado.com\\\/#website\",\"url\":\"https:\\\/\\\/deluxcalzado.com\\\/\",\"name\":\"www.deluxcalzado.com\",\"description\":\"Zapater\u00eda, calzado de mujer\",\"publisher\":{\"@id\":\"https:\\\/\\\/deluxcalzado.com\\\/#organization\"},\"potentialAction\":[{\"@type\":\"SearchAction\",\"target\":{\"@type\":\"EntryPoint\",\"urlTemplate\":\"https:\\\/\\\/deluxcalzado.com\\\/?s={search_term_string}\"},\"query-input\":{\"@type\":\"PropertyValueSpecification\",\"valueRequired\":true,\"valueName\":\"search_term_string\"}}],\"inLanguage\":\"es\"},{\"@type\":\"Organization\",\"@id\":\"https:\\\/\\\/deluxcalzado.com\\\/#organization\",\"name\":\"Delux Calzado y Accesorios\",\"url\":\"https:\\\/\\\/deluxcalzado.com\\\/\",\"logo\":{\"@type\":\"ImageObject\",\"inLanguage\":\"es\",\"@id\":\"https:\\\/\\\/deluxcalzado.com\\\/#\\\/schema\\\/logo\\\/image\\\/\",\"url\":\"https:\\\/\\\/deluxcalzado.com\\\/wp-content\\\/uploads\\\/2022\\\/10\\\/removal.ai_tmp-6344fb9254a8f.png\",\"contentUrl\":\"https:\\\/\\\/deluxcalzado.com\\\/wp-content\\\/uploads\\\/2022\\\/10\\\/removal.ai_tmp-6344fb9254a8f.png\",\"width\":800,\"height\":800,\"caption\":\"Delux Calzado y Accesorios\"},\"image\":{\"@id\":\"https:\\\/\\\/deluxcalzado.com\\\/#\\\/schema\\\/logo\\\/image\\\/\"},\"sameAs\":[\"https:\\\/\\\/www.facebook.com\\\/DeLux-Calzado-y-Accesorios-103197355867015\",\"https:\\\/\\\/www.instagram.com\\\/delux_calzado\\\/\"]}]}<\/script>\n<!-- \/ Yoast SEO plugin. -->","yoast_head_json":{"title":"Bolso ADA rojo &#8211; Delux Calzado y Accesorios","description":"Bolso ADA rojo","robots":{"index":"index","follow":"follow","max-snippet":"max-snippet:-1","max-image-preview":"max-image-preview:large","max-video-preview":"max-video-preview:-1"},"canonical":"https:\/\/deluxcalzado.com\/?product=bolso-ada-rojo","og_locale":"es_ES","og_type":"article","og_title":"Bolso ADA rojo &#8211; Delux Calzado y Accesorios","og_description":"Bolso ADA rojo","og_url":"https:\/\/deluxcalzado.com\/?product=bolso-ada-rojo","og_site_name":"Delux Calzado y Accesorios","article_publisher":"https:\/\/www.facebook.com\/DeLux-Calzado-y-Accesorios-103197355867015","article_modified_time":"2025-08-19T23:17:01+00:00","og_image":[{"width":1080,"height":1080,"url":"https:\/\/deluxcalzado.com\/wp-content\/uploads\/2023\/12\/bolso-Ada-rojo.jpg","type":"image\/jpeg"}],"twitter_card":"summary_large_image","twitter_misc":{"Tiempo de lectura":"1 minuto"},"schema":{"@context":"https:\/\/schema.org","@graph":[{"@type":"WebPage","@id":"https:\/\/deluxcalzado.com\/?product=bolso-ada-rojo","url":"https:\/\/deluxcalzado.com\/?product=bolso-ada-rojo","name":"Bolso ADA rojo &#8211; Delux Calzado y Accesorios","isPartOf":{"@id":"https:\/\/deluxcalzado.com\/#website"},"primaryImageOfPage":{"@id":"https:\/\/deluxcalzado.com\/?product=bolso-ada-rojo#primaryimage"},"image":{"@id":"https:\/\/deluxcalzado.com\/?product=bolso-ada-rojo#primaryimage"},"thumbnailUrl":"https:\/\/deluxcalzado.com\/wp-content\/uploads\/2023\/12\/bolso-Ada-rojo.jpg","datePublished":"2023-12-20T16:20:30+00:00","dateModified":"2025-08-19T23:17:01+00:00","description":"Bolso ADA rojo","breadcrumb":{"@id":"https:\/\/deluxcalzado.com\/?product=bolso-ada-rojo#breadcrumb"},"inLanguage":"es","potentialAction":[{"@type":"ReadAction","target":["https:\/\/deluxcalzado.com\/?product=bolso-ada-rojo"]}]},{"@type":"ImageObject","inLanguage":"es","@id":"https:\/\/deluxcalzado.com\/?product=bolso-ada-rojo#primaryimage","url":"https:\/\/deluxcalzado.com\/wp-content\/uploads\/2023\/12\/bolso-Ada-rojo.jpg","contentUrl":"https:\/\/deluxcalzado.com\/wp-content\/uploads\/2023\/12\/bolso-Ada-rojo.jpg","width":1080,"height":1080},{"@type":"BreadcrumbList","@id":"https:\/\/deluxcalzado.com\/?product=bolso-ada-rojo#breadcrumb","itemListElement":[{"@type":"ListItem","position":1,"name":"Portada","item":"https:\/\/deluxcalzado.com\/"},{"@type":"ListItem","position":2,"name":"Productos","item":"https:\/\/deluxcalzado.com\/?post_type=product"},{"@type":"ListItem","position":3,"name":"Bolso ADA rojo"}]},{"@type":"WebSite","@id":"https:\/\/deluxcalzado.com\/#website","url":"https:\/\/deluxcalzado.com\/","name":"www.deluxcalzado.com","description":"Zapater\u00eda, calzado de mujer","publisher":{"@id":"https:\/\/deluxcalzado.com\/#organization"},"potentialAction":[{"@type":"SearchAction","target":{"@type":"EntryPoint","urlTemplate":"https:\/\/deluxcalzado.com\/?s={search_term_string}"},"query-input":{"@type":"PropertyValueSpecification","valueRequired":true,"valueName":"search_term_string"}}],"inLanguage":"es"},{"@type":"Organization","@id":"https:\/\/deluxcalzado.com\/#organization","name":"Delux Calzado y Accesorios","url":"https:\/\/deluxcalzado.com\/","logo":{"@type":"ImageObject","inLanguage":"es","@id":"https:\/\/deluxcalzado.com\/#\/schema\/logo\/image\/","url":"https:\/\/deluxcalzado.com\/wp-content\/uploads\/2022\/10\/removal.ai_tmp-6344fb9254a8f.png","contentUrl":"https:\/\/deluxcalzado.com\/wp-content\/uploads\/2022\/10\/removal.ai_tmp-6344fb9254a8f.png","width":800,"height":800,"caption":"Delux Calzado y Accesorios"},"image":{"@id":"https:\/\/deluxcalzado.com\/#\/schema\/logo\/image\/"},"sameAs":["https:\/\/www.facebook.com\/DeLux-Calzado-y-Accesorios-103197355867015","https:\/\/www.instagram.com\/delux_calzado\/"]}]}},"_links":{"self":[{"href":"https:\/\/deluxcalzado.com\/index.php?rest_route=\/wp\/v2\/product\/3356","targetHints":{"allow":["GET"]}}],"collection":[{"href":"https:\/\/deluxcalzado.com\/index.php?rest_route=\/wp\/v2\/product"}],"about":[{"href":"https:\/\/deluxcalzado.com\/index.php?rest_route=\/wp\/v2\/types\/product"}],"wp:featuredmedia":[{"embeddable":true,"href":"https:\/\/deluxcalzado.com\/index.php?rest_route=\/wp\/v2\/media\/3357"}],"wp:attachment":[{"href":"https:\/\/deluxcalzado.com\/index.php?rest_route=%2Fwp%2Fv2%2Fmedia&parent=3356"}],"wp:term":[{"taxonomy":"product_brand","embeddable":true,"href":"https:\/\/deluxcalzado.com\/index.php?rest_route=%2Fwp%2Fv2%2Fproduct_brand&post=3356"},{"taxonomy":"product_cat","embeddable":true,"href":"https:\/\/deluxcalzado.com\/index.php?rest_route=%2Fwp%2Fv2%2Fproduct_cat&post=3356"},{"taxonomy":"product_tag","embeddable":true,"href":"https:\/\/deluxcalzado.com\/index.php?rest_route=%2Fwp%2Fv2%2Fproduct_tag&post=3356"}],"curies":[{"name":"wp","href":"https:\/\/api.w.org\/{rel}","templated":true}]}}